{"id":629,"date":"2016-09-19T18:15:02","date_gmt":"2016-09-19T16:15:02","guid":{"rendered":"http:\/\/hotelpassport.rs\/?page_id=629"},"modified":"2025-11-09T01:31:41","modified_gmt":"2025-11-09T00:31:41","slug":"naslovna","status":"publish","type":"page","link":"https:\/\/www.hotelpassport.rs\/en\/","title":{"rendered":"Home"},"content":{"rendered":"<div class=\"wpb-content-wrapper\"><div data-vc-full-width=\"true\" data-vc-full-width-temp=\"true\" data-vc-full-width-init=\"false\" data-vc-stretch-content=\"true\" class=\"vc_row wpb_row row top-row vc_row-no-padding wpb_custom_034b39d9bc6c6b310d69e39f0ccf274f\"><div class=\"vc_column_container col-md-12\"><div class=\"wpb_wrapper vc_column-inner\"><div class=\"wpb_revslider_element wpb_content_element m-b-none\">\n\t\t\t<!-- START Hotel Passport Garni REVOLUTION SLIDER 6.7.38 --><p class=\"rs-p-wp-fix\"><\/p>\n\t\t\t<rs-module-wrap id=\"rev_slider_1_1_wrapper\" data-source=\"gallery\" style=\"visibility:hidden;background:#171717;padding:;margin:0px auto;margin-top:0;margin-bottom:0;\">\n\t\t\t\t<rs-module id=\"rev_slider_1_1\" style=\"\" data-version=\"6.7.38\">\n\t\t\t\t\t<rs-slides style=\"overflow: hidden; position: absolute;\">\n\t\t\t\t\t\t<rs-slide style=\"position: absolute;\" data-key=\"rs-1\" data-title=\"Slide\" data-thumb=\"\/\/hotelpassport.rs\/wp-content\/uploads\/2016\/09\/slajd1.jpg\" data-duration=\"9000\" data-anim=\"ms:300;\" data-in=\"o:0;\" data-out=\"a:false;\">\n\t\t\t\t\t\t\t<img decoding=\"async\" src=\"\/\/www.hotelpassport.rs\/wp-content\/plugins\/revslider\/sr6\/assets\/assets\/dummy.png\" alt=\"Breakfast room\" title=\"Breakfast room\" class=\"rev-slidebg tp-rs-img rs-lazyload\" data-lazyload=\"\/\/hotelpassport.rs\/wp-content\/uploads\/2016\/09\/slajd1.jpg\" data-panzoom=\"d:9000;ss:115;se:100;os:0\/200;oe:0\/-200;\" data-no-retina>\n<!--\n\t\t\t\t\t\t\t--><rs-layer\n\t\t\t\t\t\t\t\tid=\"slider-1-slide-1-layer-4\" \n\t\t\t\t\t\t\t\tdata-type=\"text\"\n\t\t\t\t\t\t\t\tdata-color=\"rgba(255,255,255,1)\"\n\t\t\t\t\t\t\t\tdata-rsp_ch=\"on\"\n\t\t\t\t\t\t\t\tdata-xy=\"x:c;y:285px;\"\n\t\t\t\t\t\t\t\tdata-text=\"s:42;l:42;fw:700;a:center;\"\n\t\t\t\t\t\t\t\tdata-padding=\"t:10;r:10;b:10;l:10;\"\n\t\t\t\t\t\t\t\tdata-frame_0=\"y:100%;\"\n\t\t\t\t\t\t\t\tdata-frame_0_mask=\"u:t;\"\n\t\t\t\t\t\t\t\tdata-frame_1=\"e:power2.inOut;st:1000.00030518;sp:500;\"\n\t\t\t\t\t\t\t\tdata-frame_1_mask=\"u:t;\"\n\t\t\t\t\t\t\t\tdata-frame_999=\"o:0;e:nothing;st:w;\"\n\t\t\t\t\t\t\t\tstyle=\"z-index:5;background-color:rgba(254,187,2,0.7);font-family:'Roboto';text-shadow:2px 2px 4px rgba(0,0,0,0.15);\"\n\t\t\t\t\t\t\t>DOBRODO\u0160LI U PASSPORT \n\t\t\t\t\t\t\t<\/rs-layer><!--\n\n\t\t\t\t\t\t\t--><rs-layer\n\t\t\t\t\t\t\t\tid=\"slider-1-slide-1-layer-5\" \n\t\t\t\t\t\t\t\tdata-type=\"text\"\n\t\t\t\t\t\t\t\tdata-color=\"rgba(255,255,255,1)\"\n\t\t\t\t\t\t\t\tdata-rsp_ch=\"on\"\n\t\t\t\t\t\t\t\tdata-xy=\"x:c;y:358px;\"\n\t\t\t\t\t\t\t\tdata-text=\"l:20;fw:300;\"\n\t\t\t\t\t\t\t\tdata-padding=\"t:10;r:10;b:10;l:10;\"\n\t\t\t\t\t\t\t\tdata-frame_0=\"y:100%;\"\n\t\t\t\t\t\t\t\tdata-frame_1=\"e:power2.inOut;st:2000.00030518;sp:500;\"\n\t\t\t\t\t\t\t\tdata-frame_999=\"st:w;auto:true;\"\n\t\t\t\t\t\t\t\tstyle=\"z-index:6;background-color:rgba(0,0,0,0.40);font-family:'Roboto';\"\n\t\t\t\t\t\t\t>savr\u0161en spoj poslovne elegancije i porodi\u010dne le\u017eernosti \n\t\t\t\t\t\t\t<\/rs-layer><!--\n-->\t\t\t\t\t<\/rs-slide>\n\t\t\t\t\t\t<rs-slide style=\"position: absolute;\" data-key=\"rs-2\" data-title=\"Slide\" data-thumb=\"\/\/hotelpassport.rs\/wp-content\/uploads\/2016\/09\/slajd2.jpg\" data-duration=\"9000\" data-anim=\"ms:300;\" data-in=\"o:0;\" data-out=\"a:false;\">\n\t\t\t\t\t\t\t<img decoding=\"async\" src=\"\/\/www.hotelpassport.rs\/wp-content\/plugins\/revslider\/sr6\/assets\/assets\/dummy.png\" alt=\"King size bed\" title=\"King size bed\" class=\"rev-slidebg tp-rs-img rs-lazyload\" data-lazyload=\"\/\/hotelpassport.rs\/wp-content\/uploads\/2016\/09\/slajd2.jpg\" data-panzoom=\"d:9000;ss:115;se:100;os:0\/400;oe:0\/-400;\" data-no-retina>\n<!--\n\t\t\t\t\t\t\t--><rs-layer\n\t\t\t\t\t\t\t\tid=\"slider-1-slide-2-layer-4\" \n\t\t\t\t\t\t\t\tdata-type=\"text\"\n\t\t\t\t\t\t\t\tdata-color=\"rgba(255,255,255,1)\"\n\t\t\t\t\t\t\t\tdata-rsp_ch=\"on\"\n\t\t\t\t\t\t\t\tdata-xy=\"x:c;y:285px;\"\n\t\t\t\t\t\t\t\tdata-text=\"s:42;l:42;fw:700;a:center;\"\n\t\t\t\t\t\t\t\tdata-padding=\"t:10;r:10;b:10;l:10;\"\n\t\t\t\t\t\t\t\tdata-frame_0=\"y:100%;\"\n\t\t\t\t\t\t\t\tdata-frame_0_mask=\"u:t;\"\n\t\t\t\t\t\t\t\tdata-frame_1=\"e:power2.inOut;st:1000.00030518;sp:500;\"\n\t\t\t\t\t\t\t\tdata-frame_1_mask=\"u:t;\"\n\t\t\t\t\t\t\t\tdata-frame_999=\"o:0;e:nothing;st:w;\"\n\t\t\t\t\t\t\t\tstyle=\"z-index:5;background-color:rgba(254,187,2,0.8);font-family:'Roboto';text-shadow:2px 2px 4px rgba(0,0,0,0.15);\"\n\t\t\t\t\t\t\t>KOMFOR PRE SVEGA \n\t\t\t\t\t\t\t<\/rs-layer><!--\n\n\t\t\t\t\t\t\t--><rs-layer\n\t\t\t\t\t\t\t\tid=\"slider-1-slide-2-layer-5\" \n\t\t\t\t\t\t\t\tdata-type=\"text\"\n\t\t\t\t\t\t\t\tdata-color=\"rgba(255,255,255,1)\"\n\t\t\t\t\t\t\t\tdata-rsp_ch=\"on\"\n\t\t\t\t\t\t\t\tdata-xy=\"x:c;y:358px;\"\n\t\t\t\t\t\t\t\tdata-text=\"l:20;fw:300;\"\n\t\t\t\t\t\t\t\tdata-padding=\"t:10;r:10;b:10;l:10;\"\n\t\t\t\t\t\t\t\tdata-frame_0=\"y:100%;\"\n\t\t\t\t\t\t\t\tdata-frame_1=\"e:power2.inOut;st:2000.00030518;sp:500;\"\n\t\t\t\t\t\t\t\tdata-frame_999=\"st:w;auto:true;\"\n\t\t\t\t\t\t\t\tstyle=\"z-index:6;background-color:rgba(0,0,0,0.40);font-family:'Roboto';\"\n\t\t\t\t\t\t\t>LCD televizor, \u0161irokopojasni internet, telefon i klima ure\u0111aj \n\t\t\t\t\t\t\t<\/rs-layer><!--\n-->\t\t\t\t\t<\/rs-slide>\n\t\t\t\t\t\t<rs-slide style=\"position: absolute;\" data-key=\"rs-3\" data-title=\"Slide\" data-thumb=\"\/\/hotelpassport.rs\/wp-content\/uploads\/2016\/09\/slajd3.jpg\" data-duration=\"9000\" data-anim=\"ms:300;\" data-in=\"o:0;\" data-out=\"a:false;\">\n\t\t\t\t\t\t\t<img decoding=\"async\" src=\"\/\/www.hotelpassport.rs\/wp-content\/plugins\/revslider\/sr6\/assets\/assets\/dummy.png\" alt=\"Hotel comfort\" title=\"Hotel comfort\" class=\"rev-slidebg tp-rs-img rs-lazyload\" data-lazyload=\"\/\/hotelpassport.rs\/wp-content\/uploads\/2016\/09\/slajd3.jpg\" data-panzoom=\"d:9000;ss:115;se:100;os:0\/200;oe:0\/-200;\" data-no-retina>\n<!--\n\t\t\t\t\t\t\t--><rs-layer\n\t\t\t\t\t\t\t\tid=\"slider-1-slide-3-layer-4\" \n\t\t\t\t\t\t\t\tdata-type=\"text\"\n\t\t\t\t\t\t\t\tdata-color=\"rgba(255,255,255,1)\"\n\t\t\t\t\t\t\t\tdata-rsp_ch=\"on\"\n\t\t\t\t\t\t\t\tdata-xy=\"x:c;y:285px;\"\n\t\t\t\t\t\t\t\tdata-text=\"s:42;l:42;fw:700;a:center;\"\n\t\t\t\t\t\t\t\tdata-padding=\"t:10;r:10;b:10;l:10;\"\n\t\t\t\t\t\t\t\tdata-frame_0=\"y:100%;\"\n\t\t\t\t\t\t\t\tdata-frame_0_mask=\"u:t;\"\n\t\t\t\t\t\t\t\tdata-frame_1=\"e:power2.inOut;st:1000.00030518;sp:500;\"\n\t\t\t\t\t\t\t\tdata-frame_1_mask=\"u:t;\"\n\t\t\t\t\t\t\t\tdata-frame_999=\"o:0;e:nothing;st:w;\"\n\t\t\t\t\t\t\t\tstyle=\"z-index:5;background-color:rgba(254,187,2,0.8);font-family:'Roboto';text-shadow:2px 2px 4px rgba(0,0,0,0.15);\"\n\t\t\t\t\t\t\t>Bed & Breakfast \n\t\t\t\t\t\t\t<\/rs-layer><!--\n\n\t\t\t\t\t\t\t--><rs-layer\n\t\t\t\t\t\t\t\tid=\"slider-1-slide-3-layer-5\" \n\t\t\t\t\t\t\t\tdata-type=\"text\"\n\t\t\t\t\t\t\t\tdata-color=\"rgba(255,255,255,1)\"\n\t\t\t\t\t\t\t\tdata-rsp_ch=\"on\"\n\t\t\t\t\t\t\t\tdata-xy=\"x:c;y:358px;\"\n\t\t\t\t\t\t\t\tdata-text=\"l:20;fw:300;\"\n\t\t\t\t\t\t\t\tdata-padding=\"t:10;r:10;b:10;l:10;\"\n\t\t\t\t\t\t\t\tdata-frame_0=\"y:100%;\"\n\t\t\t\t\t\t\t\tdata-frame_1=\"e:power2.inOut;st:2000.00030518;sp:500;\"\n\t\t\t\t\t\t\t\tdata-frame_999=\"st:w;auto:true;\"\n\t\t\t\t\t\t\t\tstyle=\"z-index:6;background-color:rgba(0,0,0,0.40);font-family:'Roboto';\"\n\t\t\t\t\t\t\t>Putnici koji cene udobnost, u\u017eiva\u0107e u  me\u0161avini  posla i zadovoljstva \n\t\t\t\t\t\t\t<\/rs-layer><!--\n-->\t\t\t\t\t<\/rs-slide>\n\t\t\t\t\t<\/rs-slides>\n\t\t\t\t<\/rs-module>\n\t\t\t\t<script>\n\t\t\t\t\tsetREVStartSize({c: 'rev_slider_1_1',rl:[1240,1024,768,480],el:[600],gw:[800],gh:[600],type:'standard',justify:'',layout:'fullwidth',mh:\"0\"});if (window.RS_MODULES!==undefined && window.RS_MODULES.modules!==undefined && window.RS_MODULES.modules[\"revslider11\"]!==undefined) {window.RS_MODULES.modules[\"revslider11\"].once = false;window.revapi1 = undefined;if (window.RS_MODULES.checkMinimal!==undefined) window.RS_MODULES.checkMinimal()}\n\t\t\t\t<\/script>\n\t\t\t<\/rs-module-wrap>\n\t\t\t<!-- END REVOLUTION SLIDER -->\n<\/div><\/div><\/div><\/div><div class=\"vc_row-full-width vc_clearfix\"><\/div><div class=\"vc_row wpb_row top-row section section-parallax mt-0 mb-0 porto-inner-container wpb_custom_034b39d9bc6c6b310d69e39f0ccf274f\"><div class=\"porto-wrap-container container\"><div class=\"row\"><div class=\"vc_column_container col-md-12\"><div class=\"wpb_wrapper vc_column-inner\"><h2 style=\"text-align: center\" class=\"vc_custom_heading vc_do_custom_heading m-t m-b-none wpb_custom_aa365bd5046e8294520b4e73732b9d15\" >10% popusta na rezervaciju<\/h2>\r\n\t<div class=\"wpb_text_column wpb_content_element lead m-b-lg wpb_custom_7c91d232724f73626cc933bd95b25ff0\" >\r\n\t\t<div class=\"wpb_wrapper\">\r\n\t\t\t<p style=\"text-align: center;\">Prilikom rezervacije unesite promo kod <strong>site10<\/strong> i ostvarite 10% popusta na rezervaciju.<\/p>\n\r\n\t\t<\/div>\r\n\t<\/div>\r\n<div class=\"vc_btn3-container vc_btn3-center vc_do_btn\" >\r\n\t<a class=\"vc_btn3 vc_btn3-shape-square wpb_custom_6687b26f39488ddbb85ddb3c1ce8e111 btn btn-md btn-dark\" href=\"https:\/\/app.otasync.me\/engine\/en\/?id_properties=740\" title=\"\" target=\"_blank\">REZERVI\u0160I<\/a>\t<\/div>\r\n<div class=\"porto-separator   m-b-lg\"><div class=\"divider divider-small  wpb_content_element align_center solid divider-small-center\"><hr  style=\"background-color:#FAC828;height:3px;\"><\/div><\/div><div class=\"vc_row wpb_row vc_inner row m-t-xl\"><div class=\"vc_column_container col-md-4\"><div class=\"wpb_wrapper vc_column-inner\"><div class=\"porto-content-box featured-boxes wpb_content_element  featured-boxes-style-6\" data-appear-animation=\"fadeInUp\"><div class=\"featured-box featured-box-primary featured-box-effect-6\"><div class=\"box-content\" style=\"\"><i class=\"icon-featured Simple-Line-Icons-directions text-color-primary\"><\/i><h4 style=\"text-align: center\" class=\"vc_custom_heading vc_do_custom_heading m-b-sm wpb_custom_aa365bd5046e8294520b4e73732b9d15\" >Lokacija<\/h4>\r\n\t<div class=\"wpb_text_column wpb_content_element m-b-md wpb_custom_7c91d232724f73626cc933bd95b25ff0\" >\r\n\t\t<div class=\"wpb_wrapper\">\r\n\t\t\t<p style=\"text-align: center;\">Hotel Passport se nalazi u okviru Tr\u017enog centra Piramida na Novom Beogradu<\/p>\n\r\n\t\t<\/div>\r\n\t<\/div>\r\n<\/div><\/div><\/div><\/div><\/div><div class=\"vc_column_container col-md-4\"><div class=\"wpb_wrapper vc_column-inner\"><div class=\"porto-content-box featured-boxes wpb_content_element  featured-boxes-style-6\" data-appear-animation=\"fadeInUp\" data-appear-animation-delay=\"300\"><div class=\"featured-box featured-box-primary featured-box-effect-6\"><div class=\"box-content\" style=\"\"><i class=\"icon-featured fa fa-bed text-color-primary\"><\/i><h4 style=\"text-align: center\" class=\"vc_custom_heading vc_do_custom_heading m-b-sm wpb_custom_aa365bd5046e8294520b4e73732b9d15\" >Sme\u0161taj<\/h4>\r\n\t<div class=\"wpb_text_column wpb_content_element m-b-md wpb_custom_7c91d232724f73626cc933bd95b25ff0\" >\r\n\t\t<div class=\"wpb_wrapper\">\r\n\t\t\t<p style=\"text-align: center;\">Va\u0161 sme\u0161taj za svaku priliku u komfornim jednokrevetnim, dvokrevetnim i trokrevetnim sobama<\/p>\n\r\n\t\t<\/div>\r\n\t<\/div>\r\n<\/div><\/div><\/div><\/div><\/div><div class=\"vc_column_container col-md-4\"><div class=\"wpb_wrapper vc_column-inner\"><div class=\"porto-content-box featured-boxes wpb_content_element  featured-boxes-style-6\" data-appear-animation=\"fadeInUp\" data-appear-animation-delay=\"600\"><div class=\"featured-box featured-box-primary featured-box-effect-6\"><div class=\"box-content\" style=\"\"><i class=\"icon-featured Simple-Line-Icons-users text-color-primary\"><\/i><h4 style=\"text-align: center\" class=\"vc_custom_heading vc_do_custom_heading m-b-sm wpb_custom_aa365bd5046e8294520b4e73732b9d15\" >Servis<\/h4>\r\n\t<div class=\"wpb_text_column wpb_content_element m-b-md wpb_custom_7c91d232724f73626cc933bd95b25ff0\" >\r\n\t\t<div class=\"wpb_wrapper\">\r\n\t\t\t<p style=\"text-align: center;\">Na\u0161e ljubazno osoblje vam stoji na raspolaganju u cilju re\u0161avanja va\u0161ih zahteva i potreba<\/p>\n\r\n\t\t<\/div>\r\n\t<\/div>\r\n<\/div><\/div><\/div><\/div><\/div><\/div><div class=\"porto-separator   m-b-n-md\"><div class=\"divider divider-small  wpb_content_element align_center solid divider-small-center\"><hr  style=\"background-color:#febb02;height:3px;\"><\/div><\/div><\/div><\/div><\/div><\/div><\/div><div data-vc-full-width=\"true\" data-vc-full-width-temp=\"true\" data-vc-full-width-init=\"false\" class=\"vc_row wpb_row row top-row m-t-none vc_custom_1474374036861 section section-parallax section-text-light text-center wpb_custom_034b39d9bc6c6b310d69e39f0ccf274f\"><div class=\"vc_column_container col-md-12\"><div class=\"wpb_wrapper vc_column-inner\"><div class=\"vc_btn3-container vc_btn3-center vc_do_btn\" >\r\n\t<a class=\"vc_btn3 vc_btn3-shape-default wpb_custom_6687b26f39488ddbb85ddb3c1ce8e111 vc_btn3-icon-left btn btn-lg btn-primary\" href=\"http:\/\/hotelpassport.rs\/rezervacije\/\" title=\"\"><i class=\"vc_btn3-icon vc-oi vc-oi-loop\"><\/i> Rezervacije<\/a>\t<\/div>\r\n<h3 style=\"text-align: center\" class=\"vc_custom_heading vc_do_custom_heading wpb_custom_aa365bd5046e8294520b4e73732b9d15\" >On-line Booking sme\u0161tajnih jedinica<\/h3><\/div><\/div><\/div><div class=\"vc_row-full-width vc_clearfix\"><\/div><!-- Row Backgrounds --><div class=\"upb_bg_img\" data-ultimate-bg=\"url(https:\/\/www.hotelpassport.rs\/wp-content\/uploads\/2016\/09\/rezervacije.jpg)\" data-image-id=\"id^704|url^http:\/\/hotelpassport.rs\/wp-content\/uploads\/2016\/09\/rezervacije.jpg|caption^null|alt^null|title^rezervacije|description^null\" data-ultimate-bg-style=\"vcpb-vz-jquery\" data-bg-img-repeat=\"repeat\" data-bg-img-size=\"cover\" data-bg-img-position=\"\" data-parallx_sense=\"50\" data-bg-override=\"full\" data-bg_img_attach=\"scroll\" data-upb-overlay-color=\"rgba(73,73,73,0.2)\" data-upb-bg-animation=\"\" data-fadeout=\"\" data-bg-animation=\"left-animation\" data-bg-animation-type=\"h\" data-animation-repeat=\"repeat\" data-fadeout-percentage=\"30\" data-parallax-content=\"\" data-parallax-content-sense=\"30\" data-row-effect-mobile-disable=\"true\" data-img-parallax-mobile-disable=\"false\" data-rtl=\"false\"  data-custom-vc-row=\"\"  data-vc=\"8.7.2\"  data-is_old_vc=\"\"  data-theme-support=\"\"   data-overlay=\"true\" data-overlay-color=\"rgba(73,73,73,0.2)\" data-overlay-pattern=\"https:\/\/www.hotelpassport.rs\/wp-content\/plugins\/Ultimate_VC_Addons\/assets\/images\/patterns\/01.png\" data-overlay-pattern-opacity=\"0.8\" data-overlay-pattern-size=\"\" data-overlay-pattern-attachment=\"scroll\"    ><\/div><div data-vc-full-width=\"true\" data-vc-full-width-temp=\"true\" data-vc-full-width-init=\"false\" class=\"vc_row wpb_row top-row p-t-xxl p-b-xxl vc_custom_1470382379391 section section-default mt-0 mb-0 vc_row-has-fill porto-inner-container wpb_custom_034b39d9bc6c6b310d69e39f0ccf274f\"><div class=\"porto-wrap-container container\"><div class=\"row\"><div class=\"vc_column_container col-md-4\"><div class=\"wpb_wrapper vc_column-inner\">\r\n\t<div class=\"wpb_single_image wpb_content_element vc_align_center wpb_content_element   m-b-none wpb_custom_81a4f7ef9830bf958462581aa01150fb\"><div class=\"wpb_wrapper\">\r\n\t\t\t\r\n\t\t\t<div class=\"vc_single_image-wrapper vc_box_circle  vc_box_border_grey\"><img decoding=\"async\" class=\"vc_single_image-img \" src=\"https:\/\/www.hotelpassport.rs\/wp-content\/uploads\/2016\/09\/minimalizam-530x530.jpg\" width=\"530\" height=\"530\" alt=\"superior bedroom\" title=\"minimalizam\" loading=\"lazy\" \/><\/div>\r\n\t\t<\/div>\r\n\t<\/div>\r\n<\/div><\/div><div class=\"vc_column_container col-md-1\"><div class=\"wpb_wrapper vc_column-inner\"><\/div><\/div><div class=\"vc_column_container col-md-7\"><div class=\"wpb_wrapper vc_column-inner\"><h3  class=\"vc_custom_heading vc_do_custom_heading m-t m-b-none wpb_custom_aa365bd5046e8294520b4e73732b9d15 align-left\" >Funkcionalna udobnost<\/h3><div class=\"porto-separator   m-b-lg\"><div class=\"divider divider-small  wpb_content_element align_left solid \"><hr  style=\"background-color:#febb02;height:3px;\"><\/div><\/div>\r\n\t<div class=\"wpb_text_column wpb_content_element lead wpb_custom_7c91d232724f73626cc933bd95b25ff0\" >\r\n\t\t<div class=\"wpb_wrapper\">\r\n\t\t\t<p>Hotel Passport se nalazi u okviru tr\u017enog centra Piramida na Novom Beogradu, u delu grada koji va\u017ei za poslovno jezgro i kao takav pru\u017ea mogu\u0107nost brzog i lakog pristupa mnogim poslovnim i zabavnim sadr\u017eajima.<\/p>\n\r\n\t\t<\/div>\r\n\t<\/div>\r\n\r\n\t<div class=\"wpb_text_column wpb_content_element wpb_custom_7c91d232724f73626cc933bd95b25ff0\" >\r\n\t\t<div class=\"wpb_wrapper\">\r\n\t\t\t<p>Hotel Passport je moderan i prijatan gradski hotel koji posluje po principu preno\u0107i\u0161ta sa doru\u010dkom. Na raspolaganju su udobne jednokrevetne, dvokrevetne i trokrevetne sobe, ukupno njih 11, a svaka je klimatizovana i opremljena telefonom, SOS tasterom, protivpo\u017earnim senzorom, LCD televizorom i brzim WiFi internetom. Gostima je dostupan Lobby Bar, gde se svakog jutra od 8:00 do 10:30 poslu\u017euje raznovrstan \u0161vedski sto savr\u0161en za prijatan po\u010detak dana i potpuno komforan boravak u Beogradu.<\/p>\n\r\n\t\t<\/div>\r\n\t<\/div>\r\n<div class=\"vc_btn3-container vc_btn3-inline vc_do_btn\" >\r\n\t<a class=\"vc_btn3 vc_btn3-shape-default wpb_custom_6687b26f39488ddbb85ddb3c1ce8e111 vc_btn3-icon-left btn btn-lg btn-primary\" href=\"http:\/\/hotelpassport.rs\/o-nama\/\" title=\"\"><i class=\"vc_btn3-icon fa fa-users\"><\/i> O nama<\/a>\t<\/div>\r\n<\/div><\/div><\/div><\/div><\/div><div class=\"vc_row-full-width vc_clearfix\"><\/div>\n<\/div>","protected":false},"excerpt":{"rendered":"DOBRODO\u0160LI U PASSPORT savr\u0161en spoj poslovne elegancije i porodi\u010dne le\u017eernosti KOMFOR PRE SVEGA LCD televizor, \u0161irokopojasni internet, telefon i klima ure\u0111aj Bed & Breakfast Putnici koji cene udobnost, u\u017eiva\u0107e u me\u0161avini posla i zadovoljstva 10% popusta na rezervaciju Prilikom rezervacije unesite promo kod site10 i ostvarite 10% popusta na rezervaciju. REZERVI\u0160I Lokacija Hotel Passport se [...]","protected":false},"author":3,"featured_media":0,"parent":0,"menu_order":0,"comment_status":"closed","ping_status":"closed","template":"","meta":{"footnotes":""},"class_list":["post-629","page","type-page","status-publish","hentry"],"aioseo_notices":[],"_links":{"self":[{"href":"https:\/\/www.hotelpassport.rs\/en\/wp-json\/wp\/v2\/pages\/629","targetHints":{"allow":["GET"]}}],"collection":[{"href":"https:\/\/www.hotelpassport.rs\/en\/wp-json\/wp\/v2\/pages"}],"about":[{"href":"https:\/\/www.hotelpassport.rs\/en\/wp-json\/wp\/v2\/types\/page"}],"author":[{"embeddable":true,"href":"https:\/\/www.hotelpassport.rs\/en\/wp-json\/wp\/v2\/users\/3"}],"replies":[{"embeddable":true,"href":"https:\/\/www.hotelpassport.rs\/en\/wp-json\/wp\/v2\/comments?post=629"}],"version-history":[{"count":31,"href":"https:\/\/www.hotelpassport.rs\/en\/wp-json\/wp\/v2\/pages\/629\/revisions"}],"predecessor-version":[{"id":1348,"href":"https:\/\/www.hotelpassport.rs\/en\/wp-json\/wp\/v2\/pages\/629\/revisions\/1348"}],"wp:attachment":[{"href":"https:\/\/www.hotelpassport.rs\/en\/wp-json\/wp\/v2\/media?parent=629"}],"curies":[{"name":"wp","href":"https:\/\/api.w.org\/{rel}","templated":true}]}}