{"id":689,"date":"2016-09-20T12:03:37","date_gmt":"2016-09-20T10:03:37","guid":{"rendered":"http:\/\/hotelpassport.rs\/?page_id=689"},"modified":"2025-11-07T23:22:10","modified_gmt":"2025-11-07T22:22:10","slug":"o-nama","status":"publish","type":"page","link":"https:\/\/www.hotelpassport.rs\/en\/o-nama\/","title":{"rendered":"About Us"},"content":{"rendered":"<div class=\"wpb-content-wrapper\"><div class=\"vc_row wpb_row top-row aboutus-section m-b-sm section section-parallax section-text-light mt-0 section-no-borders porto-inner-container wpb_custom_034b39d9bc6c6b310d69e39f0ccf274f\"><div class=\"porto-wrap-container container\"><div class=\"row\"><div class=\"vc_column_container col-md-12\"><div class=\"wpb_wrapper vc_column-inner\"><h1 style=\"text-align: center\" class=\"vc_custom_heading vc_do_custom_heading text-uppercase m-t-xlg p-t-xl wpb_custom_aa365bd5046e8294520b4e73732b9d15\" >About Us<\/h1><\/div><\/div><\/div><\/div><\/div><!-- Row Backgrounds --><div class=\"upb_bg_img\" data-ultimate-bg=\"url(https:\/\/www.hotelpassport.rs\/wp-content\/uploads\/2016\/09\/onama1.jpg)\" data-image-id=\"id^772|url^http:\/\/hotelpassport.rs\/wp-content\/uploads\/2016\/09\/onama1.jpg|caption^null|alt^null|title^onama1|description^null\" data-ultimate-bg-style=\"vcpb-vz-jquery\" data-bg-img-repeat=\"repeat\" data-bg-img-size=\"cover\" data-bg-img-position=\"\" data-parallx_sense=\"60\" data-bg-override=\"0\" data-bg_img_attach=\"scroll\" data-upb-overlay-color=\"\" data-upb-bg-animation=\"\" data-fadeout=\"\" data-bg-animation=\"left-animation\" data-bg-animation-type=\"h\" data-animation-repeat=\"repeat\" data-fadeout-percentage=\"30\" data-parallax-content=\"\" data-parallax-content-sense=\"30\" data-row-effect-mobile-disable=\"true\" data-img-parallax-mobile-disable=\"false\" data-rtl=\"false\"  data-custom-vc-row=\"\"  data-vc=\"8.7.2\"  data-is_old_vc=\"\"  data-theme-support=\"\"   data-overlay=\"true\" data-overlay-color=\"\" data-overlay-pattern=\"https:\/\/www.hotelpassport.rs\/wp-content\/plugins\/Ultimate_VC_Addons\/assets\/images\/patterns\/01.png\" data-overlay-pattern-opacity=\"0.8\" data-overlay-pattern-size=\"\" data-overlay-pattern-attachment=\"scroll\"    ><\/div><div class=\"vc_row wpb_row top-row section section-parallax mt-0 mb-0 porto-inner-container wpb_custom_034b39d9bc6c6b310d69e39f0ccf274f\"><div class=\"porto-wrap-container container\"><div class=\"row\"><div class=\"vc_column_container col-md-9\"><div class=\"wpb_wrapper vc_column-inner\"><div class=\"vc_row wpb_row vc_inner row\"><div class=\"vc_column_container col-md-12\"><div class=\"wpb_wrapper vc_column-inner\">\r\n\t<div class=\"wpb_text_column wpb_content_element m-b-lg wpb_custom_7c91d232724f73626cc933bd95b25ff0\" >\r\n\t\t<div class=\"wpb_wrapper\">\r\n\t\t\t<p>Hotel Passport is a small, modern city hotel, operating on a bed and breakfast basis. We offer comfortable single, double and triple rooms. There are 11 rooms in total, and all of them are air-conditioned and equipped with a direct telephone line, SOS button, fire alarm, LCD TV and WiFi internet connection.<\/p>\n<p>All hotel public spaces are air-conditioned and wireless internet is available throughout the hotel. Guests can also use the lobby bar, where after the breakfast is served, in addition to computer works with the desired drink, small business meetings can be organized.<\/p>\n<p>Hotel Passport is located in the broader business center of the capital, within the Piramida shopping center in New Belgrade, in a part of the city that is considered to be the business core and as such provides the possibility of quick and easy access to many business and entertainment facilities. It is only 10 km (10 minutes by car) away from the airport, and 6 km (12 minutes by car) from the city center.<\/p>\n\r\n\t\t<\/div>\r\n\t<\/div>\r\n<\/div><\/div><\/div><div class=\"porto-blockquote wpb_content_element  m-l-md\"><blockquote class=\"blockquote-secondary\"><p>In addition to being ideal for business people, the hotel is also suitable for families and couples. Hotel Passport represents comfort and business elegance in a pleasant and relaxed atmosphere, provided by both, the space itself and our friendly staff. <\/p><\/blockquote><\/div><\/div><\/div><div class=\"vc_column_container col-md-3\"><div class=\"wpb_wrapper vc_column-inner\"><div class=\"vc_row wpb_row vc_inner row\"><div class=\"vc_column_container col-md-12\"><div class=\"wpb_wrapper vc_column-inner\">\r\n\t<div class=\"wpb_single_image wpb_content_element vc_align_center wpb_content_element   m-b-md wpb_custom_81a4f7ef9830bf958462581aa01150fb\"><div class=\"wpb_wrapper\">\r\n\t\t\t\r\n\t\t\t<div class=\"vc_single_image-wrapper   vc_box_border_grey\"><img loading=\"lazy\" decoding=\"async\" width=\"689\" height=\"689\" src=\"https:\/\/www.hotelpassport.rs\/wp-content\/uploads\/2016\/09\/1r1.jpg\" class=\"vc_single_image-img attachment-full\" alt=\"Hotel Passport\" title=\"1r1\" srcset=\"https:\/\/www.hotelpassport.rs\/wp-content\/uploads\/2016\/09\/1r1.jpg 689w, https:\/\/www.hotelpassport.rs\/wp-content\/uploads\/2016\/09\/1r1-600x600.jpg 600w, https:\/\/www.hotelpassport.rs\/wp-content\/uploads\/2016\/09\/1r1-560x560.jpg 560w, https:\/\/www.hotelpassport.rs\/wp-content\/uploads\/2016\/09\/1r1-367x367.jpg 367w\" sizes=\"auto, (max-width: 689px) 100vw, 689px\" \/><\/div>\r\n\t\t<\/div>\r\n\t<\/div>\r\n<\/div><\/div><\/div><\/div><\/div><\/div><\/div><\/div><div data-vc-full-width=\"true\" data-vc-full-width-temp=\"true\" data-vc-full-width-init=\"false\" class=\"vc_row wpb_row top-row section section-default mt-0 mb-0 porto-inner-container wpb_custom_034b39d9bc6c6b310d69e39f0ccf274f\"><div class=\"porto-wrap-container container\"><div class=\"row\"><div class=\"vc_column_container col-md-12\"><div class=\"wpb_wrapper vc_column-inner\"><h2 style=\"text-align: center\" class=\"vc_custom_heading vc_do_custom_heading m-t m-b-none wpb_custom_aa365bd5046e8294520b4e73732b9d15\" >Visit us<\/h2>\r\n\t<div class=\"wpb_text_column wpb_content_element lead wpb_custom_7c91d232724f73626cc933bd95b25ff0\" >\r\n\t\t<div class=\"wpb_wrapper\">\r\n\t\t\t<p style=\"text-align: center;\">and ensure yourself in the quality of our service<\/p>\n\r\n\t\t<\/div>\r\n\t<\/div>\r\n<div class=\"vc_btn3-container vc_btn3-center vc_do_btn\" >\r\n\t<a class=\"vc_btn3 vc_btn3-shape-default wpb_custom_6687b26f39488ddbb85ddb3c1ce8e111 vc_btn3-icon-left btn btn-lg btn-primary\" href=\"https:\/\/www.hotelpassport.rs\/en\/kontakt\/\" title=\"\"><i class=\"vc_btn3-icon fa fa-envelope\"><\/i> Contact<\/a>\t<\/div>\r\n<\/div><\/div><\/div><\/div><\/div><div class=\"vc_row-full-width vc_clearfix\"><\/div>\n<\/div>","protected":false},"excerpt":{"rendered":"O nama Hotel Passport je mali savremeni gradski hotel, koji posluje po principu preno\u0107i\u0161ta sa doru\u010dkom. U ponudi su komforne jednokrevetne, dvokrevetne i trokrevetne sobe. Ukupno ima 11 soba, i sve su klimatizovane te opremljene direktnom telefonskom linijom, SOS tasterom, protivpo\u017earnim senzorom, LCD televizorom i WiFi internetskim prikljuckom. Svi javni prostori u hotelu su tako\u0111e [...]","protected":false},"author":3,"featured_media":0,"parent":0,"menu_order":0,"comment_status":"closed","ping_status":"closed","template":"","meta":{"footnotes":""},"class_list":["post-689","page","type-page","status-publish","hentry"],"aioseo_notices":[],"_links":{"self":[{"href":"https:\/\/www.hotelpassport.rs\/en\/wp-json\/wp\/v2\/pages\/689","targetHints":{"allow":["GET"]}}],"collection":[{"href":"https:\/\/www.hotelpassport.rs\/en\/wp-json\/wp\/v2\/pages"}],"about":[{"href":"https:\/\/www.hotelpassport.rs\/en\/wp-json\/wp\/v2\/types\/page"}],"author":[{"embeddable":true,"href":"https:\/\/www.hotelpassport.rs\/en\/wp-json\/wp\/v2\/users\/3"}],"replies":[{"embeddable":true,"href":"https:\/\/www.hotelpassport.rs\/en\/wp-json\/wp\/v2\/comments?post=689"}],"version-history":[{"count":24,"href":"https:\/\/www.hotelpassport.rs\/en\/wp-json\/wp\/v2\/pages\/689\/revisions"}],"predecessor-version":[{"id":1420,"href":"https:\/\/www.hotelpassport.rs\/en\/wp-json\/wp\/v2\/pages\/689\/revisions\/1420"}],"wp:attachment":[{"href":"https:\/\/www.hotelpassport.rs\/en\/wp-json\/wp\/v2\/media?parent=689"}],"curies":[{"name":"wp","href":"https:\/\/api.w.org\/{rel}","templated":true}]}}