{"id":729,"date":"2016-09-21T19:58:44","date_gmt":"2016-09-21T17:58:44","guid":{"rendered":"http:\/\/hotelpassport.rs\/?page_id=729"},"modified":"2025-11-07T23:25:02","modified_gmt":"2025-11-07T22:25:02","slug":"rezervacije","status":"publish","type":"page","link":"https:\/\/www.hotelpassport.rs\/en\/rezervacije\/","title":{"rendered":"BOOK NOW"},"content":{"rendered":"<div class=\"wpb-content-wrapper\"><div class=\"vc_row wpb_row top-row section section-parallax porto-inner-container wpb_custom_034b39d9bc6c6b310d69e39f0ccf274f\"><div class=\"porto-wrap-container container\"><div class=\"row align-items-center\"><div class=\"vc_column_container col-md-6\"><div class=\"wpb_wrapper vc_column-inner\">\r\n\t<div class=\"wpb_text_column wpb_content_element wpb_custom_7c91d232724f73626cc933bd95b25ff0\" >\r\n\t\t<div class=\"wpb_wrapper\">\r\n\t\t\t<h2>Jednokrevetna soba<\/h2>\n<p><strong>Veli\u010dina sobe:<\/strong> 10 m\u00b2<\/p>\n<p><strong>Kreveti:<\/strong> 1 krevet za jednu osobu.<\/p>\n<p><strong>Sadr\u017eaji sobe<\/strong>: klima-ure\u0111aj, radni sto, garderober, kupatilo sa tu\u0161 kabinom, fen za kosu, kozmetika, bademantil, TV satelitski i kablovski kanali, telefon, usluga bu\u0111enja.<\/p>\n<p>Besplatan WiFi je dostupan u svim sobama.<\/p>\n\r\n\t\t<\/div>\r\n\t<\/div>\r\n\r\n\t<div class=\"wpb_text_column wpb_content_element wpb_custom_7c91d232724f73626cc933bd95b25ff0\" >\r\n\t\t<div class=\"wpb_wrapper\">\r\n\t\t\t<p>Prilikom rezervacije unesite promo kod <strong>site10<\/strong> i ostvarite 10% popusta na rezervaciju.<\/p>\n\r\n\t\t<\/div>\r\n\t<\/div>\r\n<div class=\"vc_btn3-container vc_btn3-inline vc_do_btn\" >\r\n\t<a class=\"vc_btn3 vc_btn3-shape-square wpb_custom_6687b26f39488ddbb85ddb3c1ce8e111 btn btn-md btn-dark\" href=\"https:\/\/app.otasync.me\/engine\/en\/?id_properties=740\" title=\"\" target=\"_blank\">REZERVI\u0160ITE<\/a>\t<\/div>\r\n<\/div><\/div><div class=\"vc_column_container col-md-6\"><div class=\"wpb_wrapper vc_column-inner\"><div class=\"wpb_images_carousel wpb_content_element vc_clearfix wpb_content_element\"><div class=\"wpb_wrapper\"><div id=\"vc_images-carousel-1-1776402508\" data-ride=\"vc_carousel\" data-wrap=\"false\" style=\"width: 100%;\" data-interval=\"5000\" data-auto-height=\"yes\" data-mode=\"horizontal\" data-partial=\"false\" data-per-view=\"1\" data-hide-on-end=\"false\" class=\"vc_slide vc_images_carousel\"><ol class=\"vc_carousel-indicators\"><li data-target=\"#vc_images-carousel-1-1776402508\" data-slide-to=\"0\"><\/li><li data-target=\"#vc_images-carousel-1-1776402508\" data-slide-to=\"1\"><\/li><li data-target=\"#vc_images-carousel-1-1776402508\" data-slide-to=\"2\"><\/li><li data-target=\"#vc_images-carousel-1-1776402508\" data-slide-to=\"3\"><\/li><\/ol><div class=\"vc_carousel-inner\"><div class=\"vc_carousel-slideline\"><div class=\"vc_carousel-slideline-inner\"><div class=\"vc_item\"><div class=\"vc_inner\"><a class=\"\" href=\"https:\/\/www.hotelpassport.rs\/wp-content\/uploads\/2016\/10\/j1.jpg\" data-lightbox=\"lightbox[rel-729-3566691354]\"><img loading=\"lazy\" decoding=\"async\" width=\"840\" height=\"460\" src=\"https:\/\/www.hotelpassport.rs\/wp-content\/uploads\/2016\/10\/j1.jpg\" class=\"attachment-full\" alt=\"detail 5\" title=\"j1\" srcset=\"https:\/\/www.hotelpassport.rs\/wp-content\/uploads\/2016\/10\/j1.jpg 840w, https:\/\/www.hotelpassport.rs\/wp-content\/uploads\/2016\/10\/j1-768x421.jpg 768w, https:\/\/www.hotelpassport.rs\/wp-content\/uploads\/2016\/10\/j1-600x329.jpg 600w\" sizes=\"auto, (max-width: 840px) 100vw, 840px\" \/><\/a><\/div><\/div><div class=\"vc_item\"><div class=\"vc_inner\"><a class=\"\" href=\"https:\/\/www.hotelpassport.rs\/wp-content\/uploads\/2016\/10\/j4.jpg\" data-lightbox=\"lightbox[rel-729-3566691354]\"><img loading=\"lazy\" decoding=\"async\" width=\"840\" height=\"556\" src=\"https:\/\/www.hotelpassport.rs\/wp-content\/uploads\/2016\/10\/j4.jpg\" class=\"attachment-full\" alt=\"Tv &amp; cooffee mashine\" title=\"j4\" srcset=\"https:\/\/www.hotelpassport.rs\/wp-content\/uploads\/2016\/10\/j4.jpg 840w, https:\/\/www.hotelpassport.rs\/wp-content\/uploads\/2016\/10\/j4-768x508.jpg 768w, https:\/\/www.hotelpassport.rs\/wp-content\/uploads\/2016\/10\/j4-600x397.jpg 600w\" sizes=\"auto, (max-width: 840px) 100vw, 840px\" \/><\/a><\/div><\/div><div class=\"vc_item\"><div class=\"vc_inner\"><a class=\"\" href=\"https:\/\/www.hotelpassport.rs\/wp-content\/uploads\/2016\/10\/j3.jpg\" data-lightbox=\"lightbox[rel-729-3566691354]\"><img loading=\"lazy\" decoding=\"async\" width=\"840\" height=\"460\" src=\"https:\/\/www.hotelpassport.rs\/wp-content\/uploads\/2016\/10\/j3.jpg\" class=\"attachment-full\" alt=\"detail 4\" title=\"j3\" srcset=\"https:\/\/www.hotelpassport.rs\/wp-content\/uploads\/2016\/10\/j3.jpg 840w, https:\/\/www.hotelpassport.rs\/wp-content\/uploads\/2016\/10\/j3-768x421.jpg 768w, https:\/\/www.hotelpassport.rs\/wp-content\/uploads\/2016\/10\/j3-600x329.jpg 600w\" sizes=\"auto, (max-width: 840px) 100vw, 840px\" \/><\/a><\/div><\/div><div class=\"vc_item\"><div class=\"vc_inner\"><a class=\"\" href=\"https:\/\/www.hotelpassport.rs\/wp-content\/uploads\/2016\/10\/j2.jpg\" data-lightbox=\"lightbox[rel-729-3566691354]\"><img loading=\"lazy\" decoding=\"async\" width=\"840\" height=\"460\" src=\"https:\/\/www.hotelpassport.rs\/wp-content\/uploads\/2016\/10\/j2.jpg\" class=\"attachment-full\" alt=\"detail 5\" title=\"j2\" srcset=\"https:\/\/www.hotelpassport.rs\/wp-content\/uploads\/2016\/10\/j2.jpg 840w, https:\/\/www.hotelpassport.rs\/wp-content\/uploads\/2016\/10\/j2-768x421.jpg 768w, https:\/\/www.hotelpassport.rs\/wp-content\/uploads\/2016\/10\/j2-600x329.jpg 600w\" sizes=\"auto, (max-width: 840px) 100vw, 840px\" \/><\/a><\/div><\/div><\/div><\/div><\/div><a class=\"vc_left vc_carousel-control\" href=\"#vc_images-carousel-1-1776402508\" data-slide=\"prev\"><span class=\"icon-prev\"><\/span><\/a><a class=\"vc_right vc_carousel-control\" href=\"#vc_images-carousel-1-1776402508\" data-slide=\"next\"><span class=\"icon-next\"><\/span><\/a><\/div><\/div><\/div><\/div><\/div><\/div><\/div><\/div><div class=\"vc_row wpb_row top-row section section-parallax porto-inner-container wpb_custom_034b39d9bc6c6b310d69e39f0ccf274f\"><div class=\"porto-wrap-container container\"><div class=\"row align-items-center\"><div class=\"vc_column_container col-md-6\"><div class=\"wpb_wrapper vc_column-inner\">\r\n\t<div class=\"wpb_text_column wpb_content_element wpb_custom_7c91d232724f73626cc933bd95b25ff0\" >\r\n\t\t<div class=\"wpb_wrapper\">\r\n\t\t\t<h2>Dvokrevetna soba<\/h2>\n<p><strong>Veli\u010dina sobe:<\/strong> 18 m\u00b2<\/p>\n<p><strong>Kreveti:<\/strong> 1 bra\u010dni krevet (160 x 200)<\/p>\n<p><strong>Sadr\u017eaji sobe<\/strong>: klima-ure\u0111aj, radni sto, garderober, kupatilo sa tu\u0161 kabinom, fen za kosu, kozmetika, bademantil, TV satelitski i kablovski kanali, telefon, usluga bu\u0111enja.<\/p>\n<p>Besplatan WiFi je dostupan u svim sobama.<\/p>\n\r\n\t\t<\/div>\r\n\t<\/div>\r\n\r\n\t<div class=\"wpb_text_column wpb_content_element wpb_custom_7c91d232724f73626cc933bd95b25ff0\" >\r\n\t\t<div class=\"wpb_wrapper\">\r\n\t\t\t<p>Prilikom rezervacije unesite promo kod <strong>site10<\/strong> i ostvarite 10% popusta na rezervaciju.<\/p>\n\r\n\t\t<\/div>\r\n\t<\/div>\r\n<div class=\"vc_btn3-container vc_btn3-inline vc_do_btn\" >\r\n\t<a class=\"vc_btn3 vc_btn3-shape-square wpb_custom_6687b26f39488ddbb85ddb3c1ce8e111 btn btn-md btn-dark\" href=\"https:\/\/app.otasync.me\/engine\/en\/?id_properties=740\" title=\"\" target=\"_blank\">REZERVI\u0160ITE<\/a>\t<\/div>\r\n<\/div><\/div><div class=\"vc_column_container col-md-6\"><div class=\"wpb_wrapper vc_column-inner\"><div class=\"wpb_images_carousel wpb_content_element vc_clearfix wpb_content_element\"><div class=\"wpb_wrapper\"><div id=\"vc_images-carousel-2-1776402508\" data-ride=\"vc_carousel\" data-wrap=\"false\" style=\"width: 100%;\" data-interval=\"5000\" data-auto-height=\"yes\" data-mode=\"horizontal\" data-partial=\"false\" data-per-view=\"1\" data-hide-on-end=\"false\" class=\"vc_slide vc_images_carousel\"><ol class=\"vc_carousel-indicators\"><li data-target=\"#vc_images-carousel-2-1776402508\" data-slide-to=\"0\"><\/li><li data-target=\"#vc_images-carousel-2-1776402508\" data-slide-to=\"1\"><\/li><li data-target=\"#vc_images-carousel-2-1776402508\" data-slide-to=\"2\"><\/li><li data-target=\"#vc_images-carousel-2-1776402508\" data-slide-to=\"3\"><\/li><\/ol><div class=\"vc_carousel-inner\"><div class=\"vc_carousel-slideline\"><div class=\"vc_carousel-slideline-inner\"><div class=\"vc_item\"><div class=\"vc_inner\"><a class=\"\" href=\"https:\/\/www.hotelpassport.rs\/wp-content\/uploads\/2016\/10\/d1.jpg\" data-lightbox=\"lightbox[rel-729-2061445450]\"><img loading=\"lazy\" decoding=\"async\" width=\"900\" height=\"596\" src=\"https:\/\/www.hotelpassport.rs\/wp-content\/uploads\/2016\/10\/d1.jpg\" class=\"attachment-full\" alt=\"Bedroom 4\" title=\"d1\" srcset=\"https:\/\/www.hotelpassport.rs\/wp-content\/uploads\/2016\/10\/d1.jpg 900w, https:\/\/www.hotelpassport.rs\/wp-content\/uploads\/2016\/10\/d1-768x509.jpg 768w, https:\/\/www.hotelpassport.rs\/wp-content\/uploads\/2016\/10\/d1-600x397.jpg 600w\" sizes=\"auto, (max-width: 900px) 100vw, 900px\" \/><\/a><\/div><\/div><div class=\"vc_item\"><div class=\"vc_inner\"><a class=\"\" href=\"https:\/\/www.hotelpassport.rs\/wp-content\/uploads\/2016\/10\/d2.jpg\" data-lightbox=\"lightbox[rel-729-2061445450]\"><img loading=\"lazy\" decoding=\"async\" width=\"900\" height=\"596\" src=\"https:\/\/www.hotelpassport.rs\/wp-content\/uploads\/2016\/10\/d2.jpg\" class=\"attachment-full\" alt=\"Bedroom 4\" title=\"d2\" srcset=\"https:\/\/www.hotelpassport.rs\/wp-content\/uploads\/2016\/10\/d2.jpg 900w, https:\/\/www.hotelpassport.rs\/wp-content\/uploads\/2016\/10\/d2-768x509.jpg 768w, https:\/\/www.hotelpassport.rs\/wp-content\/uploads\/2016\/10\/d2-600x397.jpg 600w\" sizes=\"auto, (max-width: 900px) 100vw, 900px\" \/><\/a><\/div><\/div><div class=\"vc_item\"><div class=\"vc_inner\"><a class=\"\" href=\"https:\/\/www.hotelpassport.rs\/wp-content\/uploads\/2016\/10\/d3.jpg\" data-lightbox=\"lightbox[rel-729-2061445450]\"><img loading=\"lazy\" decoding=\"async\" width=\"900\" height=\"596\" src=\"https:\/\/www.hotelpassport.rs\/wp-content\/uploads\/2016\/10\/d3.jpg\" class=\"attachment-full\" alt=\"Bedroom 4\" title=\"d3\" srcset=\"https:\/\/www.hotelpassport.rs\/wp-content\/uploads\/2016\/10\/d3.jpg 900w, https:\/\/www.hotelpassport.rs\/wp-content\/uploads\/2016\/10\/d3-768x509.jpg 768w, https:\/\/www.hotelpassport.rs\/wp-content\/uploads\/2016\/10\/d3-600x397.jpg 600w\" sizes=\"auto, (max-width: 900px) 100vw, 900px\" \/><\/a><\/div><\/div><div class=\"vc_item\"><div class=\"vc_inner\"><a class=\"\" href=\"https:\/\/www.hotelpassport.rs\/wp-content\/uploads\/2016\/10\/d4.jpg\" data-lightbox=\"lightbox[rel-729-2061445450]\"><img loading=\"lazy\" decoding=\"async\" width=\"900\" height=\"596\" src=\"https:\/\/www.hotelpassport.rs\/wp-content\/uploads\/2016\/10\/d4.jpg\" class=\"attachment-full\" alt=\"Bathroom 2\" title=\"d4\" srcset=\"https:\/\/www.hotelpassport.rs\/wp-content\/uploads\/2016\/10\/d4.jpg 900w, https:\/\/www.hotelpassport.rs\/wp-content\/uploads\/2016\/10\/d4-768x509.jpg 768w, https:\/\/www.hotelpassport.rs\/wp-content\/uploads\/2016\/10\/d4-600x397.jpg 600w\" sizes=\"auto, (max-width: 900px) 100vw, 900px\" \/><\/a><\/div><\/div><\/div><\/div><\/div><a class=\"vc_left vc_carousel-control\" href=\"#vc_images-carousel-2-1776402508\" data-slide=\"prev\"><span class=\"icon-prev\"><\/span><\/a><a class=\"vc_right vc_carousel-control\" href=\"#vc_images-carousel-2-1776402508\" data-slide=\"next\"><span class=\"icon-next\"><\/span><\/a><\/div><\/div><\/div><\/div><\/div><\/div><\/div><\/div><div class=\"vc_row wpb_row top-row section section-parallax porto-inner-container wpb_custom_034b39d9bc6c6b310d69e39f0ccf274f\"><div class=\"porto-wrap-container container\"><div class=\"row align-items-center\"><div class=\"vc_column_container col-md-6\"><div class=\"wpb_wrapper vc_column-inner\">\r\n\t<div class=\"wpb_text_column wpb_content_element wpb_custom_7c91d232724f73626cc933bd95b25ff0\" >\r\n\t\t<div class=\"wpb_wrapper\">\r\n\t\t\t<h2>Trokrevetna soba<\/h2>\n<p><strong>Veli\u010dina sobe:<\/strong> 22 m\u00b2<\/p>\n<p><strong>Kreveti:<\/strong> 1 bra\u010dni krevet (160&#215;200), 1 fotelja na razvla\u010denje (90 x 200)<\/p>\n<p><strong>Sadr\u017eaji sobe<\/strong>: klima-ure\u0111aj, radni sto, dve fotelje, sto\u010di\u0107, garderober, kupatilo sa tu\u0161 kabinom, fen za kosu, kozmetika, bademantil, TV satelitski i kablovski kanali, telefon, usluga bu\u0111enja.<\/p>\n<p>Besplatan WiFi je dostupan u svim sobama.<\/p>\n\r\n\t\t<\/div>\r\n\t<\/div>\r\n\r\n\t<div class=\"wpb_text_column wpb_content_element wpb_custom_7c91d232724f73626cc933bd95b25ff0\" >\r\n\t\t<div class=\"wpb_wrapper\">\r\n\t\t\t<p>Prilikom rezervacije unesite promo kod <strong>site10<\/strong> i ostvarite 10% popusta na rezervaciju.<\/p>\n\r\n\t\t<\/div>\r\n\t<\/div>\r\n<div class=\"vc_btn3-container vc_btn3-inline vc_do_btn\" >\r\n\t<a class=\"vc_btn3 vc_btn3-shape-square wpb_custom_6687b26f39488ddbb85ddb3c1ce8e111 btn btn-md btn-dark\" href=\"https:\/\/app.otasync.me\/engine\/en\/?id_properties=740\" title=\"\" target=\"_blank\">REZERVI\u0160ITE<\/a>\t<\/div>\r\n<\/div><\/div><div class=\"vc_column_container col-md-6\"><div class=\"wpb_wrapper vc_column-inner\"><div class=\"wpb_images_carousel wpb_content_element vc_clearfix wpb_content_element\"><div class=\"wpb_wrapper\"><div id=\"vc_images-carousel-3-1776402508\" data-ride=\"vc_carousel\" data-wrap=\"false\" style=\"width: 100%;\" data-interval=\"5000\" data-auto-height=\"yes\" data-mode=\"horizontal\" data-partial=\"false\" data-per-view=\"1\" data-hide-on-end=\"false\" class=\"vc_slide vc_images_carousel\"><ol class=\"vc_carousel-indicators\"><li data-target=\"#vc_images-carousel-3-1776402508\" data-slide-to=\"0\"><\/li><li data-target=\"#vc_images-carousel-3-1776402508\" data-slide-to=\"1\"><\/li><li data-target=\"#vc_images-carousel-3-1776402508\" data-slide-to=\"2\"><\/li><li data-target=\"#vc_images-carousel-3-1776402508\" data-slide-to=\"3\"><\/li><li data-target=\"#vc_images-carousel-3-1776402508\" data-slide-to=\"4\"><\/li><\/ol><div class=\"vc_carousel-inner\"><div class=\"vc_carousel-slideline\"><div class=\"vc_carousel-slideline-inner\"><div class=\"vc_item\"><div class=\"vc_inner\"><a class=\"\" href=\"https:\/\/www.hotelpassport.rs\/wp-content\/uploads\/2016\/09\/s1-1024x678.jpg\" data-lightbox=\"lightbox[rel-729-3916879257]\"><img loading=\"lazy\" decoding=\"async\" width=\"1200\" height=\"795\" src=\"https:\/\/www.hotelpassport.rs\/wp-content\/uploads\/2016\/09\/s1.jpg\" class=\"attachment-full\" alt=\"bedroom 10\" title=\"s1\" srcset=\"https:\/\/www.hotelpassport.rs\/wp-content\/uploads\/2016\/09\/s1.jpg 1200w, https:\/\/www.hotelpassport.rs\/wp-content\/uploads\/2016\/09\/s1-768x509.jpg 768w, https:\/\/www.hotelpassport.rs\/wp-content\/uploads\/2016\/09\/s1-1024x678.jpg 1024w, https:\/\/www.hotelpassport.rs\/wp-content\/uploads\/2016\/09\/s1-600x398.jpg 600w\" sizes=\"auto, (max-width: 1200px) 100vw, 1200px\" \/><\/a><\/div><\/div><div class=\"vc_item\"><div class=\"vc_inner\"><a class=\"\" href=\"https:\/\/www.hotelpassport.rs\/wp-content\/uploads\/2016\/09\/s3-1024x678.jpg\" data-lightbox=\"lightbox[rel-729-3916879257]\"><img loading=\"lazy\" decoding=\"async\" width=\"1200\" height=\"795\" src=\"https:\/\/www.hotelpassport.rs\/wp-content\/uploads\/2016\/09\/s3.jpg\" class=\"attachment-full\" alt=\"bedroom 8\" title=\"s3\" srcset=\"https:\/\/www.hotelpassport.rs\/wp-content\/uploads\/2016\/09\/s3.jpg 1200w, https:\/\/www.hotelpassport.rs\/wp-content\/uploads\/2016\/09\/s3-768x509.jpg 768w, https:\/\/www.hotelpassport.rs\/wp-content\/uploads\/2016\/09\/s3-1024x678.jpg 1024w, https:\/\/www.hotelpassport.rs\/wp-content\/uploads\/2016\/09\/s3-600x398.jpg 600w\" sizes=\"auto, (max-width: 1200px) 100vw, 1200px\" \/><\/a><\/div><\/div><div class=\"vc_item\"><div class=\"vc_inner\"><a class=\"\" href=\"https:\/\/www.hotelpassport.rs\/wp-content\/uploads\/2016\/09\/s2-1024x678.jpg\" data-lightbox=\"lightbox[rel-729-3916879257]\"><img loading=\"lazy\" decoding=\"async\" width=\"1200\" height=\"795\" src=\"https:\/\/www.hotelpassport.rs\/wp-content\/uploads\/2016\/09\/s2.jpg\" class=\"attachment-full\" alt=\"bedroom 9\" title=\"s2\" srcset=\"https:\/\/www.hotelpassport.rs\/wp-content\/uploads\/2016\/09\/s2.jpg 1200w, https:\/\/www.hotelpassport.rs\/wp-content\/uploads\/2016\/09\/s2-768x509.jpg 768w, https:\/\/www.hotelpassport.rs\/wp-content\/uploads\/2016\/09\/s2-1024x678.jpg 1024w, https:\/\/www.hotelpassport.rs\/wp-content\/uploads\/2016\/09\/s2-600x398.jpg 600w\" sizes=\"auto, (max-width: 1200px) 100vw, 1200px\" \/><\/a><\/div><\/div><div class=\"vc_item\"><div class=\"vc_inner\"><a class=\"\" href=\"https:\/\/www.hotelpassport.rs\/wp-content\/uploads\/2016\/09\/s6-1024x678.jpg\" data-lightbox=\"lightbox[rel-729-3916879257]\"><img loading=\"lazy\" decoding=\"async\" width=\"1200\" height=\"795\" src=\"https:\/\/www.hotelpassport.rs\/wp-content\/uploads\/2016\/09\/s6.jpg\" class=\"attachment-full\" alt=\"bedroom 6\" title=\"s6\" srcset=\"https:\/\/www.hotelpassport.rs\/wp-content\/uploads\/2016\/09\/s6.jpg 1200w, https:\/\/www.hotelpassport.rs\/wp-content\/uploads\/2016\/09\/s6-768x509.jpg 768w, https:\/\/www.hotelpassport.rs\/wp-content\/uploads\/2016\/09\/s6-1024x678.jpg 1024w, https:\/\/www.hotelpassport.rs\/wp-content\/uploads\/2016\/09\/s6-600x398.jpg 600w\" sizes=\"auto, (max-width: 1200px) 100vw, 1200px\" \/><\/a><\/div><\/div><div class=\"vc_item\"><div class=\"vc_inner\"><a class=\"\" href=\"https:\/\/www.hotelpassport.rs\/wp-content\/uploads\/2016\/09\/s5-1024x678.jpg\" data-lightbox=\"lightbox[rel-729-3916879257]\"><img loading=\"lazy\" decoding=\"async\" width=\"1200\" height=\"795\" src=\"https:\/\/www.hotelpassport.rs\/wp-content\/uploads\/2016\/09\/s5.jpg\" class=\"attachment-full\" alt=\"triple room 3\" title=\"s5\" srcset=\"https:\/\/www.hotelpassport.rs\/wp-content\/uploads\/2016\/09\/s5.jpg 1200w, https:\/\/www.hotelpassport.rs\/wp-content\/uploads\/2016\/09\/s5-768x509.jpg 768w, https:\/\/www.hotelpassport.rs\/wp-content\/uploads\/2016\/09\/s5-1024x678.jpg 1024w, https:\/\/www.hotelpassport.rs\/wp-content\/uploads\/2016\/09\/s5-600x398.jpg 600w\" sizes=\"auto, (max-width: 1200px) 100vw, 1200px\" \/><\/a><\/div><\/div><\/div><\/div><\/div><a class=\"vc_left vc_carousel-control\" href=\"#vc_images-carousel-3-1776402508\" data-slide=\"prev\"><span class=\"icon-prev\"><\/span><\/a><a class=\"vc_right vc_carousel-control\" href=\"#vc_images-carousel-3-1776402508\" data-slide=\"next\"><span class=\"icon-next\"><\/span><\/a><\/div><\/div><\/div><\/div><\/div><\/div><\/div><\/div>\n<\/div>","protected":false},"excerpt":{"rendered":"Jednokrevetna soba Veli\u010dina sobe: 10 m\u00b2 Kreveti: 1 krevet za jednu osobu. Sadr\u017eaji sobe: klima-ure\u0111aj, radni sto, garderober, kupatilo sa tu\u0161 kabinom, fen za kosu, kozmetika, bademantil, TV satelitski i kablovski kanali, telefon, usluga bu\u0111enja. Besplatan WiFi je dostupan u svim sobama. Prilikom rezervacije unesite promo kod site10 i ostvarite 10% popusta na rezervaciju. REZERVI\u0160ITE [...]","protected":false},"author":3,"featured_media":0,"parent":0,"menu_order":0,"comment_status":"closed","ping_status":"closed","template":"","meta":{"footnotes":""},"class_list":["post-729","page","type-page","status-publish","hentry"],"aioseo_notices":[],"_links":{"self":[{"href":"https:\/\/www.hotelpassport.rs\/en\/wp-json\/wp\/v2\/pages\/729","targetHints":{"allow":["GET"]}}],"collection":[{"href":"https:\/\/www.hotelpassport.rs\/en\/wp-json\/wp\/v2\/pages"}],"about":[{"href":"https:\/\/www.hotelpassport.rs\/en\/wp-json\/wp\/v2\/types\/page"}],"author":[{"embeddable":true,"href":"https:\/\/www.hotelpassport.rs\/en\/wp-json\/wp\/v2\/users\/3"}],"replies":[{"embeddable":true,"href":"https:\/\/www.hotelpassport.rs\/en\/wp-json\/wp\/v2\/comments?post=729"}],"version-history":[{"count":42,"href":"https:\/\/www.hotelpassport.rs\/en\/wp-json\/wp\/v2\/pages\/729\/revisions"}],"predecessor-version":[{"id":1434,"href":"https:\/\/www.hotelpassport.rs\/en\/wp-json\/wp\/v2\/pages\/729\/revisions\/1434"}],"wp:attachment":[{"href":"https:\/\/www.hotelpassport.rs\/en\/wp-json\/wp\/v2\/media?parent=729"}],"curies":[{"name":"wp","href":"https:\/\/api.w.org\/{rel}","templated":true}]}}